{"id":11,"date":"2020-06-18T08:55:42","date_gmt":"2020-06-18T08:55:42","guid":{"rendered":"http:\/\/test.sfv-ochsenfurt.de\/?page_id=11"},"modified":"2020-06-19T07:56:06","modified_gmt":"2020-06-19T07:56:06","slug":"ehrenvorstand","status":"publish","type":"page","link":"https:\/\/www.sfv-ochsenfurt.de\/?page_id=11","title":{"rendered":"Ehrenvorstand"},"content":{"rendered":"\n<figure class=\"wp-block-table\"><table><tbody><tr><td class=\"has-text-align-left\" data-align=\"left\"><strong>25 Jahre Ehrenamt im SFV Ochsenfurt<\/strong><\/td><\/tr><tr><td class=\"has-text-align-left\" data-align=\"left\">&nbsp;<\/td><td>&nbsp;<\/td><td>&nbsp;<\/td><\/tr><tr><td class=\"has-text-align-left\" data-align=\"left\"><br><strong>Ludwig Lenhart Ehrenvorsitzender und Doris Lenhart Ehrenmitglied im Sportfischerverein Ochsenfurt und Umgebung e.V.<\/strong> 25 Jahre waren Ludwig und Doris Lenhart aus Marktbreit im SFV Ochsenfurt ehrenamtlich t\u00e4tig. Begonnen hat alles mit der Aufgabe als Jugendleiter, als sich niemand bereit erkl\u00e4rte, sich um die Jugend zu k\u00fcmmern. Unter ihrer Leitung ist die Jugendgruppe schnell von 5 auf bis zu 25 Jugendlichen gewachsen. Viele Meistertitel bei den unterfr\u00e4nkischen und bayerischen Meisterschaften konnten die Jugendlichen aus dem SFV Ochsenfurt gewinnen. Auch beim Hochseefischen auf der Ostsee wurde erfolgreich gefischt und Exkursionen unternommen. Hierbei konnten auch viele V\u00e4ter f\u00fcr das Angeln begeistert werden. H\u00f6hepunkte mit der Fischerjugend Unterfranken&nbsp; war die Teilnahme beim Weltjugendtag in W\u00fcrzburg, als Testjugend beim VDSF in Rieneck, die j\u00e4hrlichen Reinigungsaktionen mit Putzmunter, Zeltlager, Ausfl\u00fcge, Inklusion mit der Lebenshilfe, Unterricht und vieles mehr. Aus dieser Jugend geht der heutige Vorstand, Schriftf\u00fchrer, Kassenpr\u00fcfer und Wahlleiter hervor. Nach18 Jahren Jugendarbeit folgte die Herausforderung als Vorstand und Schatzmeisterin im Verein. F\u00fcr die Fischerjugend im Fischereiverband Unterfranken war Ludwig Lenhart seit 1999 Schatzmeister und seit 2005 Vorsitzender und Doris Lenhart seit 2005 Schatzmeisterin. Ebenso war Ludwig Vorstandsmitglied beim Kreisjugendring W\u00fcrzburg und als Mitautor f\u00fcr das Jugendleiterhandbuch von der bayerischen Fischerjugend t\u00e4tig. Zum Dank f\u00fcr Ihre Verdienste in Verein und Verband wurden Sie bei der Jahreshauptversammlung 2017 des SFV Ochsenfurt und Umgebung e.V. zum Ehrenvorsitzenden und zum Ehrenmitglied ernannt. <br><img loading=\"lazy\" decoding=\"async\" width=\"500\" height=\"375\" class=\"wp-image-90\" style=\"width: 500px;\" src=\"http:\/\/test.sfv-ochsenfurt.de\/wp-content\/uploads\/2020\/06\/ehrenvorst-scaled.jpg\" alt=\"\" srcset=\"https:\/\/www.sfv-ochsenfurt.de\/wp-content\/uploads\/2020\/06\/ehrenvorst-scaled.jpg 2560w, https:\/\/www.sfv-ochsenfurt.de\/wp-content\/uploads\/2020\/06\/ehrenvorst-300x225.jpg 300w, https:\/\/www.sfv-ochsenfurt.de\/wp-content\/uploads\/2020\/06\/ehrenvorst-768x576.jpg 768w, https:\/\/www.sfv-ochsenfurt.de\/wp-content\/uploads\/2020\/06\/ehrenvorst-2048x1536.jpg 2048w, https:\/\/www.sfv-ochsenfurt.de\/wp-content\/uploads\/2020\/06\/ehrenvorst-640x480.jpg 640w\" sizes=\"auto, (max-width: 500px) 100vw, 500px\" \/><br> Im Bild von links: Vorstand Heiko Schmidt, Ehrenvorstand Ludwig Lenhart und Ehrenmitglied Doris Lenhart<\/td><\/tr><\/tbody><\/table><\/figure>\n","protected":false},"excerpt":{"rendered":"<p>25 Jahre Ehrenamt im SFV Ochsenfurt &nbsp; &nbsp; &nbsp; Ludwig Lenhart Ehrenvorsitzender und Doris Lenhart Ehrenmitglied im Sportfischerverein Ochsenfurt und Umgebung e.V. 25 Jahre waren Ludwig und Doris Lenhart aus Marktbreit im SFV Ochsenfurt ehrenamtlich t\u00e4tig. Begonnen hat alles mit der Aufgabe als Jugendleiter, als sich niemand bereit erkl\u00e4rte, sich [&hellip;]<\/p>\n","protected":false},"author":1,"featured_media":0,"parent":0,"menu_order":0,"comment_status":"closed","ping_status":"closed","template":"","meta":{"footnotes":""},"class_list":["post-11","page","type-page","status-publish","hentry"],"_links":{"self":[{"href":"https:\/\/www.sfv-ochsenfurt.de\/index.php?rest_route=\/wp\/v2\/pages\/11","targetHints":{"allow":["GET"]}}],"collection":[{"href":"https:\/\/www.sfv-ochsenfurt.de\/index.php?rest_route=\/wp\/v2\/pages"}],"about":[{"href":"https:\/\/www.sfv-ochsenfurt.de\/index.php?rest_route=\/wp\/v2\/types\/page"}],"author":[{"embeddable":true,"href":"https:\/\/www.sfv-ochsenfurt.de\/index.php?rest_route=\/wp\/v2\/users\/1"}],"replies":[{"embeddable":true,"href":"https:\/\/www.sfv-ochsenfurt.de\/index.php?rest_route=%2Fwp%2Fv2%2Fcomments&post=11"}],"version-history":[{"count":4,"href":"https:\/\/www.sfv-ochsenfurt.de\/index.php?rest_route=\/wp\/v2\/pages\/11\/revisions"}],"predecessor-version":[{"id":526,"href":"https:\/\/www.sfv-ochsenfurt.de\/index.php?rest_route=\/wp\/v2\/pages\/11\/revisions\/526"}],"wp:attachment":[{"href":"https:\/\/www.sfv-ochsenfurt.de\/index.php?rest_route=%2Fwp%2Fv2%2Fmedia&parent=11"}],"curies":[{"name":"wp","href":"https:\/\/api.w.org\/{rel}","templated":true}]}}