{"id":552,"date":"2020-06-19T09:33:16","date_gmt":"2020-06-19T09:33:16","guid":{"rendered":"http:\/\/test.sfv-ochsenfurt.de\/?page_id=552"},"modified":"2020-08-30T15:55:03","modified_gmt":"2020-08-30T15:55:03","slug":"buehler-see","status":"publish","type":"page","link":"https:\/\/www.sfv-ochsenfurt.de\/?page_id=552","title":{"rendered":"B\u00fchler See"},"content":{"rendered":"\n<figure class=\"wp-block-gallery columns-3 is-cropped wp-block-gallery-1 is-layout-flex wp-block-gallery-is-layout-flex\"><ul class=\"blocks-gallery-grid\"><li class=\"blocks-gallery-item\"><figure><img loading=\"lazy\" decoding=\"async\" width=\"400\" height=\"300\" src=\"http:\/\/test.sfv-ochsenfurt.de\/wp-content\/uploads\/2020\/06\/buehler-1.jpg\" alt=\"\" data-id=\"211\" data-full-url=\"http:\/\/test.sfv-ochsenfurt.de\/wp-content\/uploads\/2020\/06\/buehler-1.jpg\" data-link=\"http:\/\/test.sfv-ochsenfurt.de\/?attachment_id=211\" class=\"wp-image-211\" srcset=\"https:\/\/www.sfv-ochsenfurt.de\/wp-content\/uploads\/2020\/06\/buehler-1.jpg 400w, https:\/\/www.sfv-ochsenfurt.de\/wp-content\/uploads\/2020\/06\/buehler-1-300x225.jpg 300w\" sizes=\"auto, (max-width: 400px) 100vw, 400px\" \/><figcaption class=\"blocks-gallery-item__caption\">B\u00fchler Seen <\/figcaption><\/figure><\/li><li class=\"blocks-gallery-item\"><figure><img loading=\"lazy\" decoding=\"async\" width=\"475\" height=\"356\" src=\"http:\/\/test.sfv-ochsenfurt.de\/wp-content\/uploads\/2020\/06\/buehler1-1.jpg\" alt=\"\" data-id=\"212\" data-full-url=\"http:\/\/test.sfv-ochsenfurt.de\/wp-content\/uploads\/2020\/06\/buehler1-1.jpg\" data-link=\"http:\/\/test.sfv-ochsenfurt.de\/?attachment_id=212\" class=\"wp-image-212\" srcset=\"https:\/\/www.sfv-ochsenfurt.de\/wp-content\/uploads\/2020\/06\/buehler1-1.jpg 475w, https:\/\/www.sfv-ochsenfurt.de\/wp-content\/uploads\/2020\/06\/buehler1-1-300x225.jpg 300w\" sizes=\"auto, (max-width: 475px) 100vw, 475px\" \/><\/figure><\/li><li class=\"blocks-gallery-item\"><figure><img loading=\"lazy\" decoding=\"async\" width=\"475\" height=\"356\" src=\"http:\/\/test.sfv-ochsenfurt.de\/wp-content\/uploads\/2020\/06\/buehler2-1.jpg\" alt=\"\" data-id=\"213\" data-full-url=\"http:\/\/test.sfv-ochsenfurt.de\/wp-content\/uploads\/2020\/06\/buehler2-1.jpg\" data-link=\"http:\/\/test.sfv-ochsenfurt.de\/?attachment_id=213\" class=\"wp-image-213\" srcset=\"https:\/\/www.sfv-ochsenfurt.de\/wp-content\/uploads\/2020\/06\/buehler2-1.jpg 475w, https:\/\/www.sfv-ochsenfurt.de\/wp-content\/uploads\/2020\/06\/buehler2-1-300x225.jpg 300w\" sizes=\"auto, (max-width: 475px) 100vw, 475px\" \/><\/figure><\/li><\/ul><\/figure>\n\n\n\n<p>Die Teichanlage in B\u00fchler ist das j\u00fcngste Mitglied der Gew\u00e4sserfamilie unseres Vereins. Sie besteht aus vier Teichen mit einer Gesamtfl\u00e4che von 2,3 ha. Zwei von ihnen werden als Zuchtteiche genutzt, sollen jedoch 2013 zusammengelegt und eventuell zu einem reinen Schleienteich werden werden. Die anderen Beiden haben eine Tiefe von null bis zwei Metern und sind mit Karpfen, Schleien, Amurkarpfen und Zandern besetzt. Die letzteren Beiden sind aber ganzj\u00e4hrig geschont. Als beste Methode hat sich in B\u00fchler aufgrund der geringen Tiefe das Angeln mit der Pose erwiesen, als beste K\u00f6der Wurm, Mais und Made. Man kann nat\u00fcrlich auch die bew\u00e4hrten Karpfenmontagen f\u00fcrs Grundangeln nutzen, aber der Aufschlag des Bleis verschreckt oftmals die Fische. Im Sommer, bei hei\u00dfem Wetter, stehen die Karpfen oft auch an der Oberfl\u00e4che und man kann sie mit Schwimmbrot \u00fcberlisten. Bei allen Methoden erh\u00f6ht (bitte ma\u00dfvolles) Anf\u00fcttern den Erfolg. Da beide Teiche wenig Struktur haben, ist es eigentlich egal, wo man seinen K\u00f6der auswirft. Nur die kleine Insel im kleinen Teich stellt einen unverkennbaren Hotspot dar. Leider haben wir in beiden Teichen ein gro\u00dfes Problem mit Wasserpflanzen, was im Sommer\/Herbst 2011 zur Unbefischbarkeit f\u00fchrte. Wir haben allerdings zur L\u00f6sung des Problems Amurkarpfen eingesetzt und hoffen dass sich dadurch die Krautbest\u00e4nde verringern. Wer ein sch\u00f6nes Pl\u00e4tzchen zum Angeln auf Karpfen und Schleie sucht, ist in B\u00fchler genau richtig!<\/p>\n\n\n\n<p>Fischarten: Karpfen, Rotauge, Rotfeder, Schleie, Zander, Amurkarpfen<\/p>\n\n\n\n<p>Am leichtesten fangbare Fischarten: Karpfen, Schleie<\/p>\n\n\n\n<p>Schonma\u00dfe: es gelten die gesetzlichen Schonma\u00dfe<\/p>\n\n\n\n<p>Schonzeiten: Graskarpfen und Zander ganzj\u00e4hrig, sonst die gesetzlichen Schonzeiten<br><\/p>\n\n\n\n<p><strong>WEGBESCHREIBUNG<\/strong><\/p>\n\n\n\n<p>Von Ochsenfurt aus \u00fcber W\u00fcrzburg nach Karlstadt. Dort Richtung Gem\u00fcnden, dann nach Ortsschild rechts richtung Hammelburg, durch Eu\u00dfenheim hindurch weiter Richtung Hammelburg. Erste nach Ort Eu\u00dfenheim rechts nach Aschfeld weiter nach<br>M\u00fcnster und dann durch B\u00fchler. Nach der Ortschaft B\u00fchler ca. 200 mtr. dann auf der linken Seite ist unsere Teichanlage.<\/p>\n\n\n\n<figure class=\"wp-block-gallery columns-1 is-cropped wp-block-gallery-2 is-layout-flex wp-block-gallery-is-layout-flex\"><ul class=\"blocks-gallery-grid\"><li class=\"blocks-gallery-item\"><figure><img loading=\"lazy\" decoding=\"async\" width=\"340\" height=\"340\" src=\"http:\/\/test.sfv-ochsenfurt.de\/wp-content\/uploads\/2020\/06\/wegbeschreibung-2.jpg\" alt=\"\" data-id=\"344\" data-full-url=\"http:\/\/test.sfv-ochsenfurt.de\/wp-content\/uploads\/2020\/06\/wegbeschreibung-2.jpg\" data-link=\"http:\/\/test.sfv-ochsenfurt.de\/?attachment_id=344\" class=\"wp-image-344\" srcset=\"https:\/\/www.sfv-ochsenfurt.de\/wp-content\/uploads\/2020\/06\/wegbeschreibung-2.jpg 340w, https:\/\/www.sfv-ochsenfurt.de\/wp-content\/uploads\/2020\/06\/wegbeschreibung-2-300x300.jpg 300w, https:\/\/www.sfv-ochsenfurt.de\/wp-content\/uploads\/2020\/06\/wegbeschreibung-2-150x150.jpg 150w\" sizes=\"auto, (max-width: 340px) 100vw, 340px\" \/><figcaption class=\"blocks-gallery-item__caption\">Wegbeschreibung B\u00fchler See<\/figcaption><\/figure><\/li><\/ul><\/figure>\n","protected":false},"excerpt":{"rendered":"<p>Die Teichanlage in B\u00fchler ist das j\u00fcngste Mitglied der Gew\u00e4sserfamilie unseres Vereins. Sie besteht aus vier Teichen mit einer Gesamtfl\u00e4che von 2,3 ha. Zwei von ihnen werden als Zuchtteiche genutzt, sollen jedoch 2013 zusammengelegt und eventuell zu einem reinen Schleienteich werden werden. Die anderen Beiden haben eine Tiefe von null [&hellip;]<\/p>\n","protected":false},"author":1,"featured_media":0,"parent":0,"menu_order":0,"comment_status":"closed","ping_status":"closed","template":"","meta":{"footnotes":""},"class_list":["post-552","page","type-page","status-publish","hentry"],"_links":{"self":[{"href":"https:\/\/www.sfv-ochsenfurt.de\/index.php?rest_route=\/wp\/v2\/pages\/552","targetHints":{"allow":["GET"]}}],"collection":[{"href":"https:\/\/www.sfv-ochsenfurt.de\/index.php?rest_route=\/wp\/v2\/pages"}],"about":[{"href":"https:\/\/www.sfv-ochsenfurt.de\/index.php?rest_route=\/wp\/v2\/types\/page"}],"author":[{"embeddable":true,"href":"https:\/\/www.sfv-ochsenfurt.de\/index.php?rest_route=\/wp\/v2\/users\/1"}],"replies":[{"embeddable":true,"href":"https:\/\/www.sfv-ochsenfurt.de\/index.php?rest_route=%2Fwp%2Fv2%2Fcomments&post=552"}],"version-history":[{"count":3,"href":"https:\/\/www.sfv-ochsenfurt.de\/index.php?rest_route=\/wp\/v2\/pages\/552\/revisions"}],"predecessor-version":[{"id":585,"href":"https:\/\/www.sfv-ochsenfurt.de\/index.php?rest_route=\/wp\/v2\/pages\/552\/revisions\/585"}],"wp:attachment":[{"href":"https:\/\/www.sfv-ochsenfurt.de\/index.php?rest_route=%2Fwp%2Fv2%2Fmedia&parent=552"}],"curies":[{"name":"wp","href":"https:\/\/api.w.org\/{rel}","templated":true}]}}