{"id":554,"date":"2020-06-19T09:34:27","date_gmt":"2020-06-19T09:34:27","guid":{"rendered":"http:\/\/test.sfv-ochsenfurt.de\/?page_id=554"},"modified":"2022-11-05T08:56:05","modified_gmt":"2022-11-05T08:56:05","slug":"main-koppel-ochsenfurt","status":"publish","type":"page","link":"https:\/\/www.sfv-ochsenfurt.de\/?page_id=554","title":{"rendered":"Main Koppel Ochsenfurt"},"content":{"rendered":"\n<figure class=\"wp-block-gallery has-nested-images columns-default is-cropped wp-block-gallery-1 is-layout-flex wp-block-gallery-is-layout-flex\">\n<figure class=\"wp-block-image size-large\"><img loading=\"lazy\" decoding=\"async\" width=\"400\" height=\"300\" data-id=\"293\" src=\"http:\/\/www.sfv-ochsenfurt.de\/wp-content\/uploads\/2020\/06\/main-1.jpg\" alt=\"\" class=\"wp-image-293\" srcset=\"https:\/\/www.sfv-ochsenfurt.de\/wp-content\/uploads\/2020\/06\/main-1.jpg 400w, https:\/\/www.sfv-ochsenfurt.de\/wp-content\/uploads\/2020\/06\/main-1-300x225.jpg 300w\" sizes=\"auto, (max-width: 400px) 100vw, 400px\" \/><figcaption class=\"wp-element-caption\">Main bei Marktbreit<\/figcaption><\/figure>\n<\/figure>\n\n\n\n<p>Unser Angelbereich ist die Ochsenfurter Koppelstrecke.<br>Main-Jahreserlaubnisscheine sind f\u00fcr aktive Mitglieder des SFV Ochsenfurt u. U. e. V. (mind. 3-j\u00e4hrige aktive Mitgliedschaft) und nach rechtzeitiger, vorheriger R\u00fccksprache (mind. 1 Jahr vor theoretischer Ausgabe) mit dem Vorstand \u00fcber unseren Angelverein erh\u00e4ltlich.<\/p>\n","protected":false},"excerpt":{"rendered":"<p>Unser Angelbereich ist die Ochsenfurter Koppelstrecke.Main-Jahreserlaubnisscheine sind f\u00fcr aktive Mitglieder des SFV Ochsenfurt u. U. e. V. (mind. 3-j\u00e4hrige aktive Mitgliedschaft) und nach rechtzeitiger, vorheriger R\u00fccksprache (mind. 1 Jahr vor theoretischer Ausgabe) mit dem Vorstand \u00fcber unseren Angelverein erh\u00e4ltlich.<\/p>\n","protected":false},"author":1,"featured_media":0,"parent":0,"menu_order":0,"comment_status":"closed","ping_status":"closed","template":"","meta":{"footnotes":""},"class_list":["post-554","page","type-page","status-publish","hentry"],"_links":{"self":[{"href":"https:\/\/www.sfv-ochsenfurt.de\/index.php?rest_route=\/wp\/v2\/pages\/554","targetHints":{"allow":["GET"]}}],"collection":[{"href":"https:\/\/www.sfv-ochsenfurt.de\/index.php?rest_route=\/wp\/v2\/pages"}],"about":[{"href":"https:\/\/www.sfv-ochsenfurt.de\/index.php?rest_route=\/wp\/v2\/types\/page"}],"author":[{"embeddable":true,"href":"https:\/\/www.sfv-ochsenfurt.de\/index.php?rest_route=\/wp\/v2\/users\/1"}],"replies":[{"embeddable":true,"href":"https:\/\/www.sfv-ochsenfurt.de\/index.php?rest_route=%2Fwp%2Fv2%2Fcomments&post=554"}],"version-history":[{"count":2,"href":"https:\/\/www.sfv-ochsenfurt.de\/index.php?rest_route=\/wp\/v2\/pages\/554\/revisions"}],"predecessor-version":[{"id":608,"href":"https:\/\/www.sfv-ochsenfurt.de\/index.php?rest_route=\/wp\/v2\/pages\/554\/revisions\/608"}],"wp:attachment":[{"href":"https:\/\/www.sfv-ochsenfurt.de\/index.php?rest_route=%2Fwp%2Fv2%2Fmedia&parent=554"}],"curies":[{"name":"wp","href":"https:\/\/api.w.org\/{rel}","templated":true}]}}