{"id":9,"date":"2020-06-18T08:55:42","date_gmt":"2020-06-18T08:55:42","guid":{"rendered":"http:\/\/test.sfv-ochsenfurt.de\/?page_id=9"},"modified":"2026-04-09T11:52:17","modified_gmt":"2026-04-09T11:52:17","slug":"termine","status":"publish","type":"page","link":"https:\/\/www.sfv-ochsenfurt.de\/?page_id=9","title":{"rendered":"Termine 2026"},"content":{"rendered":"\n<p><br><\/p>\n\n\n\n<figure class=\"wp-block-image size-large\"><img loading=\"lazy\" decoding=\"async\" width=\"1024\" height=\"405\" src=\"https:\/\/www.sfv-ochsenfurt.de\/wp-content\/uploads\/2026\/02\/grafik-1024x405.png\" alt=\"\" class=\"wp-image-803\" srcset=\"https:\/\/www.sfv-ochsenfurt.de\/wp-content\/uploads\/2026\/02\/grafik-1024x405.png 1024w, https:\/\/www.sfv-ochsenfurt.de\/wp-content\/uploads\/2026\/02\/grafik-300x119.png 300w, https:\/\/www.sfv-ochsenfurt.de\/wp-content\/uploads\/2026\/02\/grafik-768x304.png 768w, https:\/\/www.sfv-ochsenfurt.de\/wp-content\/uploads\/2026\/02\/grafik.png 1298w\" sizes=\"auto, (max-width: 1024px) 100vw, 1024px\" \/><\/figure>\n\n\n\n<figure class=\"wp-block-image size-large\"><img loading=\"lazy\" decoding=\"async\" width=\"1024\" height=\"686\" src=\"https:\/\/www.sfv-ochsenfurt.de\/wp-content\/uploads\/2026\/02\/grafik-1-1024x686.png\" alt=\"\" class=\"wp-image-804\" srcset=\"https:\/\/www.sfv-ochsenfurt.de\/wp-content\/uploads\/2026\/02\/grafik-1-1024x686.png 1024w, https:\/\/www.sfv-ochsenfurt.de\/wp-content\/uploads\/2026\/02\/grafik-1-300x201.png 300w, https:\/\/www.sfv-ochsenfurt.de\/wp-content\/uploads\/2026\/02\/grafik-1-768x514.png 768w, https:\/\/www.sfv-ochsenfurt.de\/wp-content\/uploads\/2026\/02\/grafik-1-360x240.png 360w, https:\/\/www.sfv-ochsenfurt.de\/wp-content\/uploads\/2026\/02\/grafik-1.png 1293w\" sizes=\"auto, (max-width: 1024px) 100vw, 1024px\" \/><\/figure>\n\n\n\n<figure class=\"wp-block-image size-large\"><img loading=\"lazy\" decoding=\"async\" width=\"1024\" height=\"399\" src=\"https:\/\/www.sfv-ochsenfurt.de\/wp-content\/uploads\/2026\/02\/grafik-2-1024x399.png\" alt=\"\" class=\"wp-image-805\" srcset=\"https:\/\/www.sfv-ochsenfurt.de\/wp-content\/uploads\/2026\/02\/grafik-2-1024x399.png 1024w, https:\/\/www.sfv-ochsenfurt.de\/wp-content\/uploads\/2026\/02\/grafik-2-300x117.png 300w, https:\/\/www.sfv-ochsenfurt.de\/wp-content\/uploads\/2026\/02\/grafik-2-768x299.png 768w, https:\/\/www.sfv-ochsenfurt.de\/wp-content\/uploads\/2026\/02\/grafik-2.png 1311w\" sizes=\"auto, (max-width: 1024px) 100vw, 1024px\" \/><\/figure>\n\n\n\n<p><strong><mark style=\"background-color:rgba(0, 0, 0, 0)\" class=\"has-inline-color has-accent-color\">Korrektur: Abangeln ist am Sonntag, den 04. Oktober<\/mark><\/strong><\/p>\n\n\n\n<p>Sonstige wichtige Punkte<\/p>\n\n\n\n<ul class=\"wp-block-list\">\n<li>Passive Mitgliedschaft wird nur noch auf Antrag mit Genehmigung der Vorstandschaft bewilligt!<\/li>\n\n\n\n<li>Die K\u00fcndigung einer Mitgliedschaft muss bis 31. Oktober des jeweiligen Jahres erfolgen!<\/li>\n\n\n\n<li>Bei beiden genannten Punkten bitte schriftlich an den 1. Vorstand wenden!<\/li>\n\n\n\n<li><strong>Beitr\u00e4ge werden automatisch \u00fcber Sepa eingezogen. Bitte nicht \u00fcberweisen. <\/strong><\/li>\n\n\n\n<li>Rentner, die gesundheitlich noch fit sind, d\u00fcrfen sich gerne an den Arbeitsdiensten auf freiwilliger Basis beteiligen. Hier z\u00e4hlt nicht das Alter, sondern der Gesundheitszustand. Hierbei hoffe ich auf die Unterst\u00fctzung unserer in die Jahre gekommenen, treuen Mitglieder.<\/li>\n<\/ul>\n\n\n\n<p><strong>Zur Information:<\/strong><\/p>\n\n\n\n<p>Nach dem An- und Abangeln in B\u00fchler und an den darauf folgenden Angeltagen gibt es eine Fangbegrenzung von f\u00fcnf Fischen pro Tag. F\u00fcr die anderen Edelfischarten gilt weiterhin die Fangbegrenzung von drei Fischen pro Angeltag.<\/p>\n","protected":false},"excerpt":{"rendered":"<p>Korrektur: Abangeln ist am Sonntag, den 04. Oktober Sonstige wichtige Punkte Zur Information: Nach dem An- und Abangeln in B\u00fchler und an den darauf folgenden Angeltagen gibt es eine Fangbegrenzung von f\u00fcnf Fischen pro Tag. F\u00fcr die anderen Edelfischarten gilt weiterhin die Fangbegrenzung von drei Fischen pro Angeltag.<\/p>\n","protected":false},"author":1,"featured_media":0,"parent":0,"menu_order":0,"comment_status":"closed","ping_status":"closed","template":"","meta":{"footnotes":""},"class_list":["post-9","page","type-page","status-publish","hentry"],"_links":{"self":[{"href":"https:\/\/www.sfv-ochsenfurt.de\/index.php?rest_route=\/wp\/v2\/pages\/9","targetHints":{"allow":["GET"]}}],"collection":[{"href":"https:\/\/www.sfv-ochsenfurt.de\/index.php?rest_route=\/wp\/v2\/pages"}],"about":[{"href":"https:\/\/www.sfv-ochsenfurt.de\/index.php?rest_route=\/wp\/v2\/types\/page"}],"author":[{"embeddable":true,"href":"https:\/\/www.sfv-ochsenfurt.de\/index.php?rest_route=\/wp\/v2\/users\/1"}],"replies":[{"embeddable":true,"href":"https:\/\/www.sfv-ochsenfurt.de\/index.php?rest_route=%2Fwp%2Fv2%2Fcomments&post=9"}],"version-history":[{"count":23,"href":"https:\/\/www.sfv-ochsenfurt.de\/index.php?rest_route=\/wp\/v2\/pages\/9\/revisions"}],"predecessor-version":[{"id":815,"href":"https:\/\/www.sfv-ochsenfurt.de\/index.php?rest_route=\/wp\/v2\/pages\/9\/revisions\/815"}],"wp:attachment":[{"href":"https:\/\/www.sfv-ochsenfurt.de\/index.php?rest_route=%2Fwp%2Fv2%2Fmedia&parent=9"}],"curies":[{"name":"wp","href":"https:\/\/api.w.org\/{rel}","templated":true}]}}